{"id":144,"date":"2021-05-11T05:31:46","date_gmt":"2021-05-11T05:31:46","guid":{"rendered":"https:\/\/yogaretreatsinindia.com\/rooms-2\/"},"modified":"2022-12-16T05:14:39","modified_gmt":"2022-12-16T05:14:39","slug":"about","status":"publish","type":"page","link":"https:\/\/yogaretreatsinindia.com\/pl\/about\/","title":{"rendered":"O NAS"},"content":{"rendered":"<div data-elementor-type=\"wp-page\" data-elementor-id=\"144\" class=\"elementor elementor-144\">\n\t\t\t\t\t\t\t\t\t<section class=\"elementor-section elementor-top-section elementor-element elementor-element-587bde38 elementor-section-height-min-height elementor-section-boxed elementor-section-height-default elementor-section-items-middle\" data-id=\"587bde38\" data-element_type=\"section\" data-settings=\"{&quot;background_background&quot;:&quot;classic&quot;}\">\n\t\t\t\t\t\t\t<div class=\"elementor-background-overlay\"><\/div>\n\t\t\t\t\t\t\t<div class=\"elementor-container elementor-column-gap-no\">\n\t\t\t\t\t<div class=\"elementor-column elementor-col-100 elementor-top-column elementor-element elementor-element-1cbbc985\" data-id=\"1cbbc985\" data-element_type=\"column\">\n\t\t\t<div class=\"elementor-widget-wrap elementor-element-populated\">\n\t\t\t\t\t\t\t\t<div class=\"elementor-element elementor-element-badb486 elementor-widget elementor-widget-heading\" data-id=\"badb486\" data-element_type=\"widget\" data-widget_type=\"heading.default\">\n\t\t\t\t<div class=\"elementor-widget-container\">\n\t\t\t<style>\/*! elementor - v3.6.5 - 27-04-2022 *\/\n.elementor-heading-title{padding:0;margin:0;line-height:1}.elementor-widget-heading .elementor-heading-title[class*=elementor-size-]>a{color:inherit;font-size:inherit;line-height:inherit}.elementor-widget-heading .elementor-heading-title.elementor-size-small{font-size:15px}.elementor-widget-heading .elementor-heading-title.elementor-size-medium{font-size:19px}.elementor-widget-heading .elementor-heading-title.elementor-size-large{font-size:29px}.elementor-widget-heading .elementor-heading-title.elementor-size-xl{font-size:39px}.elementor-widget-heading .elementor-heading-title.elementor-size-xxl{font-size:59px}<\/style><h1 class=\"elementor-heading-title elementor-size-default\"><br><br>O Nas<\/h1>\t\t<\/div>\n\t\t\t\t<\/div>\n\t\t\t\t<div class=\"elementor-element elementor-element-23c95b4f elementor-widget elementor-widget-text-editor\" data-id=\"23c95b4f\" data-element_type=\"widget\" data-widget_type=\"text-editor.default\">\n\t\t\t\t<div class=\"elementor-widget-container\">\n\t\t\t<style>\/*! elementor - v3.6.5 - 27-04-2022 *\/\n.elementor-widget-text-editor.elementor-drop-cap-view-stacked .elementor-drop-cap{background-color:#818a91;color:#fff}.elementor-widget-text-editor.elementor-drop-cap-view-framed .elementor-drop-cap{color:#818a91;border:3px solid;background-color:transparent}.elementor-widget-text-editor:not(.elementor-drop-cap-view-default) .elementor-drop-cap{margin-top:8px}.elementor-widget-text-editor:not(.elementor-drop-cap-view-default) .elementor-drop-cap-letter{width:1em;height:1em}.elementor-widget-text-editor .elementor-drop-cap{float:left;text-align:center;line-height:1;font-size:50px}.elementor-widget-text-editor .elementor-drop-cap-letter{display:inline-block}<\/style>\t\t\t\t<p>Green Garden Ayurvedic Resort po\u0142o\u017cony jest w samym centrum Varkali w bardzo cichym i spokojnym miejscu oddalonym zaledwie 100 metr\u00f3w od pla\u017cy. Serdecznie zapraszamy do Nas ka\u017cdego, kto szuka odpoczynku w pi\u0119knych okoliczno\u015bciach przyrody i chce skorzysta\u0107 z wszechobecnej tu jogi, Ajurwedy i zdrowego jedzenia. \nNazywamy si\u0119 Basia &amp; Hari - a oto nasza historia :)<\/p>\n<p>Green Garden Ayurvedic Resort zosta\u0142 za\u0142o\u017cony w 2009 roku. W o\u015brodku pracuje 3 terapeut\u00f3w Ajurwedy z 15-22 letnim do\u015bwiadczeniem w Ajurwedzie i zabiegach Ajurwedyjskich oraz Doktor Ajurwedy. Jako jedni z niewielu o\u015brodk\u00f3w Ajurwedyjskich nadal przygotowujemy tradycyjn\u0105 metod\u0105 oleje do masa\u017cy, kt\u00f3rych u\u017cywamy podczas zabieg\u00f3w. Zapewnia to najwy\u017csz\u0105 jako\u015b\u0107 naszych us\u0142ug i daje nam mo\u017cliwo\u015b\u0107 oferowania naszym klientom tego co najlepsze w Ajurwedzie.<\/p>\n<p>W wi\u0119kszo\u015bci go\u015bcimy grupy oraz osoby indywidualne zainteresowane Ajurwed\u0105 i Jog\u0105.&nbsp;<\/p>\n<p>Na dachu naszego o\u015brodka znajduje si\u0119 wyposa\u017cona w pomoce zadaszona sala do jogi.&nbsp;<\/p>\n<p>Hari jest terapeut\u0105 Ayurwedy z 15 letnim do\u015bwiadczeniem w masa\u017cach i zabiegach. Opr\u00f3cz tego wspiera oraz pomaga Rajeev'owi (za\u0142o\u017cyciel Green Garden Ayurvedic Resort) w zarz\u0105dzaniu firm\u0105. Poza tym Hari uwielbia gotowa\u0107, zajmowa\u0107 si\u0119 ogrodem i pasjonuje si\u0119 zdrowym i spokojnym \u017cyciem.<\/p>\n<p>Basia pochodzi z Polski. Z wykszta\u0142cenia jest Filologiem Niderlandystyki. Od wielu lat praktykuje jog\u0119, kt\u00f3ra sta\u0142a si\u0119 jej pasj\u0105 i sposobem na \u017cycie od momentu gdy pierwszy raz stan\u0119\u0142a na macie do jogi. Jest wielk\u0105 pasjonatk\u0105 Ajurwedy i zdrowego, spokojnego \u017cycia. Uwielbia podr\u00f3\u017ce.<\/p>\n<p>Basia pierwszy raz przyjecha\u0142a do Indii w 2018 roku. Zafascynowana tym krajem i jego kultur\u0105 postanowi\u0142a zostawi\u0107 swoje dotychczasowe \u017cycie w Polsce i prac\u0119 w korporacji i przeprowadzi\u0107 si\u0119 do Indii gdzie kolejno pozna\u0142a Hari'ego.&nbsp;<\/p>\n<p>Teraz obydwoje tworz\u0105 miejsce, kt\u00f3re \u0142\u0105czy ich wizj\u0119 i spos\u00f3b na \u017cycie.<\/p>\t\t\t\t\t\t<\/div>\n\t\t\t\t<\/div>\n\t\t\t\t\t<\/div>\n\t\t<\/div>\n\t\t\t\t\t\t\t<\/div>\n\t\t<\/section>\n\t\t\t\t<section class=\"elementor-section elementor-top-section elementor-element elementor-element-05d5046 elementor-section-boxed elementor-section-height-default elementor-section-height-default\" data-id=\"05d5046\" data-element_type=\"section\">\n\t\t\t\t\t\t<div class=\"elementor-container elementor-column-gap-default\">\n\t\t\t\t\t<div class=\"elementor-column elementor-col-50 elementor-top-column elementor-element elementor-element-1bc5627\" data-id=\"1bc5627\" data-element_type=\"column\">\n\t\t\t<div class=\"elementor-widget-wrap elementor-element-populated\">\n\t\t\t\t\t\t\t\t<div class=\"elementor-element elementor-element-a02268d elementor-widget elementor-widget-image\" data-id=\"a02268d\" data-element_type=\"widget\" data-widget_type=\"image.default\">\n\t\t\t\t<div class=\"elementor-widget-container\">\n\t\t\t<style>\/*! elementor - v3.6.5 - 27-04-2022 *\/\n.elementor-widget-image{text-align:center}.elementor-widget-image a{display:inline-block}.elementor-widget-image a img[src$=\".svg\"]{width:48px}.elementor-widget-image img{vertical-align:middle;display:inline-block}<\/style>\t\t\t\t\t\t\t\t\t\t\t\t<img width=\"1024\" height=\"768\" src=\"https:\/\/yogaretreatsinindia.com\/wp-content\/uploads\/2022\/07\/UNADJUSTEDNONRAW_thumb_195-11.jpg\" class=\"attachment-large size-large\" alt=\"\" loading=\"lazy\" srcset=\"https:\/\/yogaretreatsinindia.com\/wp-content\/uploads\/2022\/07\/UNADJUSTEDNONRAW_thumb_195-11.jpg 1024w, https:\/\/yogaretreatsinindia.com\/wp-content\/uploads\/2022\/07\/UNADJUSTEDNONRAW_thumb_195-11-300x225.jpg 300w, https:\/\/yogaretreatsinindia.com\/wp-content\/uploads\/2022\/07\/UNADJUSTEDNONRAW_thumb_195-11-768x576.jpg 768w\" sizes=\"(max-width: 1024px) 100vw, 1024px\" \/>\t\t\t\t\t\t\t\t\t\t\t\t\t\t\t<\/div>\n\t\t\t\t<\/div>\n\t\t\t\t\t<\/div>\n\t\t<\/div>\n\t\t\t\t<div class=\"elementor-column elementor-col-50 elementor-top-column elementor-element elementor-element-4e8c86a\" data-id=\"4e8c86a\" data-element_type=\"column\">\n\t\t\t<div class=\"elementor-widget-wrap elementor-element-populated\">\n\t\t\t\t\t\t\t\t<div class=\"elementor-element elementor-element-57a87d3 elementor-widget elementor-widget-image\" data-id=\"57a87d3\" data-element_type=\"widget\" data-widget_type=\"image.default\">\n\t\t\t\t<div class=\"elementor-widget-container\">\n\t\t\t\t\t\t\t\t\t\t\t\t\t\t\t<img width=\"1024\" height=\"831\" src=\"https:\/\/yogaretreatsinindia.com\/wp-content\/uploads\/2022\/07\/fullsizeoutput_665-1-1024x831.jpeg\" class=\"attachment-large size-large\" alt=\"\" loading=\"lazy\" srcset=\"https:\/\/yogaretreatsinindia.com\/wp-content\/uploads\/2022\/07\/fullsizeoutput_665-1-1024x831.jpeg 1024w, https:\/\/yogaretreatsinindia.com\/wp-content\/uploads\/2022\/07\/fullsizeoutput_665-1-300x243.jpeg 300w, https:\/\/yogaretreatsinindia.com\/wp-content\/uploads\/2022\/07\/fullsizeoutput_665-1-768x623.jpeg 768w, https:\/\/yogaretreatsinindia.com\/wp-content\/uploads\/2022\/07\/fullsizeoutput_665-1-1536x1246.jpeg 1536w, https:\/\/yogaretreatsinindia.com\/wp-content\/uploads\/2022\/07\/fullsizeoutput_665-1-2048x1661.jpeg 2048w\" sizes=\"(max-width: 1024px) 100vw, 1024px\" \/>\t\t\t\t\t\t\t\t\t\t\t\t\t\t\t<\/div>\n\t\t\t\t<\/div>\n\t\t\t\t\t<\/div>\n\t\t<\/div>\n\t\t\t\t\t\t\t<\/div>\n\t\t<\/section>\n\t\t\t\t<section class=\"elementor-section elementor-top-section elementor-element elementor-element-b493b57 elementor-section-boxed elementor-section-height-default elementor-section-height-default\" data-id=\"b493b57\" data-element_type=\"section\">\n\t\t\t\t\t\t<div class=\"elementor-container elementor-column-gap-default\">\n\t\t\t\t\t<div class=\"elementor-column elementor-col-50 elementor-top-column elementor-element elementor-element-ef5ffea\" data-id=\"ef5ffea\" data-element_type=\"column\">\n\t\t\t<div class=\"elementor-widget-wrap elementor-element-populated\">\n\t\t\t\t\t\t\t\t<div class=\"elementor-element elementor-element-f5b5863 elementor-widget elementor-widget-image\" data-id=\"f5b5863\" data-element_type=\"widget\" data-widget_type=\"image.default\">\n\t\t\t\t<div class=\"elementor-widget-container\">\n\t\t\t\t\t\t\t\t\t\t\t\t\t\t\t<img width=\"1024\" height=\"734\" src=\"https:\/\/yogaretreatsinindia.com\/wp-content\/uploads\/2022\/07\/IMG_8051-1024x734.jpeg\" class=\"attachment-large size-large\" alt=\"\" loading=\"lazy\" srcset=\"https:\/\/yogaretreatsinindia.com\/wp-content\/uploads\/2022\/07\/IMG_8051-1024x734.jpeg 1024w, https:\/\/yogaretreatsinindia.com\/wp-content\/uploads\/2022\/07\/IMG_8051-300x215.jpeg 300w, https:\/\/yogaretreatsinindia.com\/wp-content\/uploads\/2022\/07\/IMG_8051-768x550.jpeg 768w, https:\/\/yogaretreatsinindia.com\/wp-content\/uploads\/2022\/07\/IMG_8051-1536x1100.jpeg 1536w, https:\/\/yogaretreatsinindia.com\/wp-content\/uploads\/2022\/07\/IMG_8051-2048x1467.jpeg 2048w\" sizes=\"(max-width: 1024px) 100vw, 1024px\" \/>\t\t\t\t\t\t\t\t\t\t\t\t\t\t\t<\/div>\n\t\t\t\t<\/div>\n\t\t\t\t\t<\/div>\n\t\t<\/div>\n\t\t\t\t<div class=\"elementor-column elementor-col-50 elementor-top-column elementor-element elementor-element-7529065\" data-id=\"7529065\" data-element_type=\"column\">\n\t\t\t<div class=\"elementor-widget-wrap elementor-element-populated\">\n\t\t\t\t\t\t\t\t<div class=\"elementor-element elementor-element-05ccc37 elementor-widget elementor-widget-image\" data-id=\"05ccc37\" data-element_type=\"widget\" data-widget_type=\"image.default\">\n\t\t\t\t<div class=\"elementor-widget-container\">\n\t\t\t\t\t\t\t\t\t\t\t\t\t\t\t<img width=\"1024\" height=\"683\" src=\"https:\/\/yogaretreatsinindia.com\/wp-content\/uploads\/2022\/07\/11-1-1024x683.jpg\" class=\"attachment-large size-large\" alt=\"\" loading=\"lazy\" srcset=\"https:\/\/yogaretreatsinindia.com\/wp-content\/uploads\/2022\/07\/11-1-1024x683.jpg 1024w, https:\/\/yogaretreatsinindia.com\/wp-content\/uploads\/2022\/07\/11-1-300x200.jpg 300w, https:\/\/yogaretreatsinindia.com\/wp-content\/uploads\/2022\/07\/11-1-768x512.jpg 768w, https:\/\/yogaretreatsinindia.com\/wp-content\/uploads\/2022\/07\/11-1-1536x1024.jpg 1536w, https:\/\/yogaretreatsinindia.com\/wp-content\/uploads\/2022\/07\/11-1-2048x1365.jpg 2048w\" sizes=\"(max-width: 1024px) 100vw, 1024px\" \/>\t\t\t\t\t\t\t\t\t\t\t\t\t\t\t<\/div>\n\t\t\t\t<\/div>\n\t\t\t\t\t<\/div>\n\t\t<\/div>\n\t\t\t\t\t\t\t<\/div>\n\t\t<\/section>\n\t\t\t\t<section class=\"elementor-section elementor-top-section elementor-element elementor-element-ddab130 elementor-section-boxed elementor-section-height-default elementor-section-height-default\" data-id=\"ddab130\" data-element_type=\"section\">\n\t\t\t\t\t\t<div class=\"elementor-container elementor-column-gap-default\">\n\t\t\t\t\t<div class=\"elementor-column elementor-col-100 elementor-top-column elementor-element elementor-element-6bc5211\" data-id=\"6bc5211\" data-element_type=\"column\">\n\t\t\t<div class=\"elementor-widget-wrap elementor-element-populated\">\n\t\t\t\t\t\t\t\t<div class=\"elementor-element elementor-element-19ee704 elementor-widget elementor-widget-image\" data-id=\"19ee704\" data-element_type=\"widget\" data-widget_type=\"image.default\">\n\t\t\t\t<div class=\"elementor-widget-container\">\n\t\t\t\t\t\t\t\t\t\t\t\t\t\t\t<img width=\"768\" height=\"576\" src=\"https:\/\/yogaretreatsinindia.com\/wp-content\/uploads\/2022\/07\/09c99660-a43d-4340-8ca0-323e8c0747f0-1-768x576.jpg\" class=\"attachment-medium_large size-medium_large\" alt=\"\" loading=\"lazy\" srcset=\"https:\/\/yogaretreatsinindia.com\/wp-content\/uploads\/2022\/07\/09c99660-a43d-4340-8ca0-323e8c0747f0-1-768x576.jpg 768w, https:\/\/yogaretreatsinindia.com\/wp-content\/uploads\/2022\/07\/09c99660-a43d-4340-8ca0-323e8c0747f0-1-300x225.jpg 300w, https:\/\/yogaretreatsinindia.com\/wp-content\/uploads\/2022\/07\/09c99660-a43d-4340-8ca0-323e8c0747f0-1-1024x768.jpg 1024w, https:\/\/yogaretreatsinindia.com\/wp-content\/uploads\/2022\/07\/09c99660-a43d-4340-8ca0-323e8c0747f0-1.jpg 1280w\" sizes=\"(max-width: 768px) 100vw, 768px\" \/>\t\t\t\t\t\t\t\t\t\t\t\t\t\t\t<\/div>\n\t\t\t\t<\/div>\n\t\t\t\t\t<\/div>\n\t\t<\/div>\n\t\t\t\t\t\t\t<\/div>\n\t\t<\/section>\n\t\t\t\t\t\t\t<\/div>","protected":false},"excerpt":{"rendered":"<p>Our Story Greengarden Ayurvedic Resort is located in the heart of Varkala, with the beach only few minutes from our doorstep. It is very quiet place for yogis and Ayurveda lovers. We invite you to our place. We are Basia &amp; Hari and this is our story. Greengarden Ayurvedic Resort was established in 2009. We &hellip;<\/p>\n<p class=\"read-more\"> <a class=\"\" href=\"https:\/\/yogaretreatsinindia.com\/pl\/about\/\"> <span class=\"screen-reader-text\">O NAS<\/span> Read More &raquo;<\/a><\/p>","protected":false},"author":1,"featured_media":0,"parent":0,"menu_order":0,"comment_status":"closed","ping_status":"closed","template":"","meta":{"_monsterinsights_skip_tracking":false,"_monsterinsights_sitenote_active":false,"_monsterinsights_sitenote_note":"","_monsterinsights_sitenote_category":0,"site-sidebar-layout":"no-sidebar","site-content-layout":"page-builder","ast-global-header-display":"","ast-main-header-display":"","ast-hfb-above-header-display":"","ast-hfb-below-header-display":"","ast-hfb-mobile-header-display":"","site-post-title":"disabled","ast-breadcrumbs-content":"","ast-featured-img":"disabled","footer-sml-layout":"","theme-transparent-header-meta":"enabled","adv-header-id-meta":"","stick-header-meta":"","header-above-stick-meta":"","header-main-stick-meta":"","header-below-stick-meta":""},"_links":{"self":[{"href":"https:\/\/yogaretreatsinindia.com\/pl\/wp-json\/wp\/v2\/pages\/144"}],"collection":[{"href":"https:\/\/yogaretreatsinindia.com\/pl\/wp-json\/wp\/v2\/pages"}],"about":[{"href":"https:\/\/yogaretreatsinindia.com\/pl\/wp-json\/wp\/v2\/types\/page"}],"author":[{"embeddable":true,"href":"https:\/\/yogaretreatsinindia.com\/pl\/wp-json\/wp\/v2\/users\/1"}],"replies":[{"embeddable":true,"href":"https:\/\/yogaretreatsinindia.com\/pl\/wp-json\/wp\/v2\/comments?post=144"}],"version-history":[{"count":159,"href":"https:\/\/yogaretreatsinindia.com\/pl\/wp-json\/wp\/v2\/pages\/144\/revisions"}],"predecessor-version":[{"id":2847,"href":"https:\/\/yogaretreatsinindia.com\/pl\/wp-json\/wp\/v2\/pages\/144\/revisions\/2847"}],"wp:attachment":[{"href":"https:\/\/yogaretreatsinindia.com\/pl\/wp-json\/wp\/v2\/media?parent=144"}],"curies":[{"name":"wp","href":"https:\/\/api.w.org\/{rel}","templated":true}]}}