{"id":3001,"date":"2022-12-22T11:06:01","date_gmt":"2022-12-22T11:06:01","guid":{"rendered":"https:\/\/yogaretreatsinindia.com\/?page_id=3001"},"modified":"2023-12-26T05:57:23","modified_gmt":"2023-12-26T05:57:23","slug":"ayurveda","status":"publish","type":"page","link":"https:\/\/yogaretreatsinindia.com\/pl\/ayurveda\/","title":{"rendered":"Ajurweda"},"content":{"rendered":"<div data-elementor-type=\"wp-page\" data-elementor-id=\"3001\" class=\"elementor elementor-3001\">\n\t\t\t\t\t\t\t\t\t<section class=\"elementor-section elementor-top-section elementor-element elementor-element-2a75815 elementor-section-boxed elementor-section-height-default elementor-section-height-default\" data-id=\"2a75815\" data-element_type=\"section\" data-settings=\"{&quot;background_background&quot;:&quot;classic&quot;}\">\n\t\t\t\t\t\t\t<div class=\"elementor-background-overlay\"><\/div>\n\t\t\t\t\t\t\t<div class=\"elementor-container elementor-column-gap-default\">\n\t\t\t\t\t<div class=\"elementor-column elementor-col-100 elementor-top-column elementor-element elementor-element-d9bc03c\" data-id=\"d9bc03c\" data-element_type=\"column\">\n\t\t\t<div class=\"elementor-widget-wrap elementor-element-populated\">\n\t\t\t\t\t\t\t\t<div class=\"elementor-element elementor-element-f3348c0 elementor-widget elementor-widget-heading\" data-id=\"f3348c0\" data-element_type=\"widget\" data-widget_type=\"heading.default\">\n\t\t\t\t<div class=\"elementor-widget-container\">\n\t\t\t<style>\/*! elementor - v3.6.5 - 27-04-2022 *\/\n.elementor-heading-title{padding:0;margin:0;line-height:1}.elementor-widget-heading .elementor-heading-title[class*=elementor-size-]>a{color:inherit;font-size:inherit;line-height:inherit}.elementor-widget-heading .elementor-heading-title.elementor-size-small{font-size:15px}.elementor-widget-heading .elementor-heading-title.elementor-size-medium{font-size:19px}.elementor-widget-heading .elementor-heading-title.elementor-size-large{font-size:29px}.elementor-widget-heading .elementor-heading-title.elementor-size-xl{font-size:39px}.elementor-widget-heading .elementor-heading-title.elementor-size-xxl{font-size:59px}<\/style><h1 class=\"elementor-heading-title elementor-size-default\">Ajurweda<\/h1>\t\t<\/div>\n\t\t\t\t<\/div>\n\t\t\t\t<div class=\"elementor-element elementor-element-009e305 elementor-widget elementor-widget-text-editor\" data-id=\"009e305\" data-element_type=\"widget\" data-widget_type=\"text-editor.default\">\n\t\t\t\t<div class=\"elementor-widget-container\">\n\t\t\t<style>\/*! elementor - v3.6.5 - 27-04-2022 *\/\n.elementor-widget-text-editor.elementor-drop-cap-view-stacked .elementor-drop-cap{background-color:#818a91;color:#fff}.elementor-widget-text-editor.elementor-drop-cap-view-framed .elementor-drop-cap{color:#818a91;border:3px solid;background-color:transparent}.elementor-widget-text-editor:not(.elementor-drop-cap-view-default) .elementor-drop-cap{margin-top:8px}.elementor-widget-text-editor:not(.elementor-drop-cap-view-default) .elementor-drop-cap-letter{width:1em;height:1em}.elementor-widget-text-editor .elementor-drop-cap{float:left;text-align:center;line-height:1;font-size:50px}.elementor-widget-text-editor .elementor-drop-cap-letter{display:inline-block}<\/style>\t\t\t\t<p>Ayurveda, a natural system of medicine, originated in India more than 5000 years ago. The term&nbsp;<em>Ajurweda<\/em>&nbsp;pochodzi z sanskrytu i sk\u0142ada si\u0119 z dw\u00f3ch cz\u0142on\u00f3w&nbsp;<em>ayur<\/em>&nbsp;(\u017cycie) i&nbsp;<em>veda<\/em>&nbsp;(science or knowledge). Thus,&nbsp;Ayurveda translates to&nbsp;<em>wiedz\u0119 o \u017cyciu<\/em>. Ajurweda to medycyna niekonwencjonalna, kt\u00f3rej g\u0142\u00f3wnym celem jest zachowywanie r\u00f3wnowagi mi\u0119dzy duchem, cia\u0142em, umys\u0142em i zmys\u0142ami.  Homeostaza cia\u0142a i umys\u0142u w Ajurwedzie osi\u0105gana jest bez u\u017cycia syntetycznych lek\u00f3w i inwazyjnych zabieg\u00f3w, a przy wykorzystaniu zr\u00f3wnowa\u017conej diety, lek\u00f3w zio\u0142owych, r\u00f3\u017cnorodnych terapii Ajurwedyjskich i masa\u017cy.<\/p>\n<p>\u017byj\u0105c zgodnie z zasadami Ajurwedy, \u017cyjesz w zgodzie z natur\u0105.<\/p>\n<p>W Naszym o\u015brodku pracuje 1 lekarz Ajurwedy oraz 3 terapeut\u00f3w z 15-22 letnim do\u015bwiadczeniem w Ajurwedzie, masa\u017cach i zabiegach.<\/p>\n<p>Oleje do masa\u017cy i zabieg\u00f3w przygotowujemy samodzielnie bazuj\u0105c na tradycyjnej metodzie tak aby zapewni\u0107 najwy\u017csz\u0105 jako\u015b\u0107 \u015bwiadczonych przez Nas us\u0142ug.<\/p>\n<p>W Naszym o\u015brodku wykonujemy tradycyjne masa\u017ce Abhyanga, r\u00f3\u017cnego rodzaju zabiegi, kr\u00f3tsze (3, 5, 7, 10, 14 dniowe) i d\u0142u\u017csze, ca\u0142o\u015bciowe procesy oczyszczaj\u0105ce cia\u0142o - Panchakarma (21, 30 dni i wi\u0119cej).<\/p>\n<p>Zapraszamy do Nas grupy jak i osoby indywidualne.<\/p>\t\t\t\t\t\t<\/div>\n\t\t\t\t<\/div>\n\t\t\t\t\t<\/div>\n\t\t<\/div>\n\t\t\t\t\t\t\t<\/div>\n\t\t<\/section>\n\t\t\t\t<section class=\"elementor-section elementor-top-section elementor-element elementor-element-de907c1 elementor-section-boxed elementor-section-height-default elementor-section-height-default\" data-id=\"de907c1\" data-element_type=\"section\" data-settings=\"{&quot;background_background&quot;:&quot;classic&quot;}\">\n\t\t\t\t\t\t<div class=\"elementor-container elementor-column-gap-default\">\n\t\t\t\t\t<div class=\"elementor-column elementor-col-100 elementor-top-column elementor-element elementor-element-3c13dac\" data-id=\"3c13dac\" data-element_type=\"column\">\n\t\t\t<div class=\"elementor-widget-wrap elementor-element-populated\">\n\t\t\t\t\t\t\t\t<div class=\"elementor-element elementor-element-c8069c5 elementor-widget__width-initial elementor-widget-tablet__width-initial elementor-widget-mobile__width-inherit elementor-position-top elementor-vertical-align-top elementor-widget elementor-widget-image-box\" data-id=\"c8069c5\" data-element_type=\"widget\" data-widget_type=\"image-box.default\">\n\t\t\t\t<div class=\"elementor-widget-container\">\n\t\t\t<style>\/*! elementor - v3.6.5 - 27-04-2022 *\/\n.elementor-widget-image-box .elementor-image-box-content{width:100%}@media (min-width:768px){.elementor-widget-image-box.elementor-position-left .elementor-image-box-wrapper,.elementor-widget-image-box.elementor-position-right .elementor-image-box-wrapper{display:-webkit-box;display:-ms-flexbox;display:flex}.elementor-widget-image-box.elementor-position-right .elementor-image-box-wrapper{text-align:right;-webkit-box-orient:horizontal;-webkit-box-direction:reverse;-ms-flex-direction:row-reverse;flex-direction:row-reverse}.elementor-widget-image-box.elementor-position-left .elementor-image-box-wrapper{text-align:left;-webkit-box-orient:horizontal;-webkit-box-direction:normal;-ms-flex-direction:row;flex-direction:row}.elementor-widget-image-box.elementor-position-top .elementor-image-box-img{margin:auto}.elementor-widget-image-box.elementor-vertical-align-top .elementor-image-box-wrapper{-webkit-box-align:start;-ms-flex-align:start;align-items:flex-start}.elementor-widget-image-box.elementor-vertical-align-middle .elementor-image-box-wrapper{-webkit-box-align:center;-ms-flex-align:center;align-items:center}.elementor-widget-image-box.elementor-vertical-align-bottom .elementor-image-box-wrapper{-webkit-box-align:end;-ms-flex-align:end;align-items:flex-end}}@media (max-width:767px){.elementor-widget-image-box .elementor-image-box-img{margin-left:auto!important;margin-right:auto!important;margin-bottom:15px}}.elementor-widget-image-box .elementor-image-box-img{display:inline-block}.elementor-widget-image-box .elementor-image-box-title a{color:inherit}.elementor-widget-image-box .elementor-image-box-wrapper{text-align:center}.elementor-widget-image-box .elementor-image-box-description{margin:0}<\/style><div class=\"elementor-image-box-wrapper\"><div class=\"elementor-image-box-content\"><h2 class=\"elementor-image-box-title\">Ajurwedyjskie Pakiety &amp; Zabiegi <\/h2><\/div><\/div>\t\t<\/div>\n\t\t\t\t<\/div>\n\t\t\t\t\t<\/div>\n\t\t<\/div>\n\t\t\t\t\t\t\t<\/div>\n\t\t<\/section>\n\t\t\t\t<section class=\"elementor-section elementor-top-section elementor-element elementor-element-bf007e0 elementor-section-boxed elementor-section-height-default elementor-section-height-default\" data-id=\"bf007e0\" data-element_type=\"section\">\n\t\t\t\t\t\t<div class=\"elementor-container elementor-column-gap-default\">\n\t\t\t\t\t<div class=\"elementor-column elementor-col-100 elementor-top-column elementor-element elementor-element-80ebd7a\" data-id=\"80ebd7a\" data-element_type=\"column\">\n\t\t\t<div class=\"elementor-widget-wrap elementor-element-populated\">\n\t\t\t\t\t\t\t\t<section class=\"elementor-section elementor-inner-section elementor-element elementor-element-02b2e7d elementor-section-boxed elementor-section-height-default elementor-section-height-default\" data-id=\"02b2e7d\" data-element_type=\"section\">\n\t\t\t\t\t\t<div class=\"elementor-container elementor-column-gap-default\">\n\t\t\t\t\t<div class=\"elementor-column elementor-col-50 elementor-inner-column elementor-element elementor-element-0b76bc7\" data-id=\"0b76bc7\" data-element_type=\"column\">\n\t\t\t<div class=\"elementor-widget-wrap elementor-element-populated\">\n\t\t\t\t\t\t\t\t<div class=\"elementor-element elementor-element-f2bcc5b elementor-widget elementor-widget-text-editor\" data-id=\"f2bcc5b\" data-element_type=\"widget\" data-widget_type=\"text-editor.default\">\n\t\t\t\t<div class=\"elementor-widget-container\">\n\t\t\t\t\t\t\t<p class=\"_04xlpA direction-ltr align-justify para-style-body\" style=\"color: #000000; font-family: 'YAD1bxogMz4 0', _fb_, auto; --font-size: 18.6666px; --line-height: 1.4; line-height: 26px;\"><span class=\"S1PPyQ\" style=\"font-weight: bold;\">3 dniowa terapia relaksacyjna<\/span><\/p><ul><li><span class=\"S1PPyQ\" style=\"color: #000000;\">1 masa\u017c relaksacyjny Abhyanga (60 min)<\/span><\/li><li><span class=\"S1PPyQ\" style=\"color: #000000;\">1 masa\u017c regeneracyjny Abhyanga (90 min)<\/span><\/li><li><span class=\"S1PPyQ\" style=\"color: #000000;\">1 masa\u017c Abhyanga &amp; shirodhara (1.45 min)<\/span><\/li><\/ul>\t\t\t\t\t\t<\/div>\n\t\t\t\t<\/div>\n\t\t\t\t\t<\/div>\n\t\t<\/div>\n\t\t\t\t<div class=\"elementor-column elementor-col-50 elementor-inner-column elementor-element elementor-element-d870cba\" data-id=\"d870cba\" data-element_type=\"column\">\n\t\t\t<div class=\"elementor-widget-wrap elementor-element-populated\">\n\t\t\t\t\t\t\t\t<div class=\"elementor-element elementor-element-fb1e284 elementor-widget elementor-widget-text-editor\" data-id=\"fb1e284\" data-element_type=\"widget\" data-widget_type=\"text-editor.default\">\n\t\t\t\t<div class=\"elementor-widget-container\">\n\t\t\t\t\t\t\t<p class=\"_04xlpA direction-ltr align-justify para-style-body\" style=\"font-size: 15px; font-style: normal; font-weight: 400; color: #000000; font-family: 'YAD1bxogMz4 0', _fb_, auto; --font-size: 18.6666px; --line-height: 1.4; line-height: 26px;\"><span class=\"S1PPyQ\" style=\"font-weight: bold;\">5 dniowa terapia relaksacyjna<\/span><\/p><ul style=\"font-size: 15px; font-style: normal; font-weight: 400;\"><li style=\"font-size: 15px;\"><span class=\"S1PPyQ\" style=\"color: #000000;\">1 masa\u017c relaksacyjny Abhyanga (60 min)<\/span><\/li><li style=\"font-size: 15px;\"><span class=\"S1PPyQ\" style=\"color: #000000;\">1 masa\u017c staw\u00f3w Abhyanga (75min)<\/span><\/li><li style=\"font-size: 15px;\"><span class=\"S1PPyQ\" style=\"color: #000000;\">1 masa\u017c regeneracyjny Abhyanga (90 min)<\/span><\/li><li style=\"font-size: 15px;\"><span class=\"S1PPyQ\" style=\"color: #000000;\">2 masa\u017ce Abhyanga &amp; shirodhara (1.45 min)<\/span><\/li><\/ul>\t\t\t\t\t\t<\/div>\n\t\t\t\t<\/div>\n\t\t\t\t\t<\/div>\n\t\t<\/div>\n\t\t\t\t\t\t\t<\/div>\n\t\t<\/section>\n\t\t\t\t<section class=\"elementor-section elementor-inner-section elementor-element elementor-element-f9006a4 elementor-section-boxed elementor-section-height-default elementor-section-height-default\" data-id=\"f9006a4\" data-element_type=\"section\">\n\t\t\t\t\t\t<div class=\"elementor-container elementor-column-gap-default\">\n\t\t\t\t\t<div class=\"elementor-column elementor-col-50 elementor-inner-column elementor-element elementor-element-d06d76f\" data-id=\"d06d76f\" data-element_type=\"column\">\n\t\t\t<div class=\"elementor-widget-wrap elementor-element-populated\">\n\t\t\t\t\t\t\t\t<div class=\"elementor-element elementor-element-3fdf327 elementor-widget elementor-widget-text-editor\" data-id=\"3fdf327\" data-element_type=\"widget\" data-widget_type=\"text-editor.default\">\n\t\t\t\t<div class=\"elementor-widget-container\">\n\t\t\t\t\t\t\t<p class=\"_04xlpA direction-ltr align-justify para-style-body\" style=\"color: #000000; font-family: 'YAD1bxogMz4 0', _fb_, auto; --font-size: 18.6666px; --line-height: 1.4; line-height: 26px;\"><span class=\"S1PPyQ\" style=\"font-weight: bold;\">7 dniowa terapia relaksacyjna<\/span><\/p><ul><li><span class=\"S1PPyQ\" style=\"color: #000000;\">1 masa\u017c relaksacyjny Abhyanga (60 min)<\/span><\/li><li><span class=\"S1PPyQ\" style=\"color: #000000;\">1 masa\u017c staw\u00f3w Abhyanga (75min)<\/span><\/li><li><span class=\"S1PPyQ\" style=\"color: #000000;\">2 masa\u017ce regeneracyjne Abhyanga (90 min)<\/span><\/li><li><span class=\"S1PPyQ\" style=\"color: #000000;\">3 masa\u017ce Abhyanga &amp; shirodhara (1.45 min)<\/span><\/li><\/ul>\t\t\t\t\t\t<\/div>\n\t\t\t\t<\/div>\n\t\t\t\t\t<\/div>\n\t\t<\/div>\n\t\t\t\t<div class=\"elementor-column elementor-col-50 elementor-inner-column elementor-element elementor-element-b912792\" data-id=\"b912792\" data-element_type=\"column\">\n\t\t\t<div class=\"elementor-widget-wrap elementor-element-populated\">\n\t\t\t\t\t\t\t\t<div class=\"elementor-element elementor-element-f16b9e8 elementor-widget elementor-widget-text-editor\" data-id=\"f16b9e8\" data-element_type=\"widget\" data-widget_type=\"text-editor.default\">\n\t\t\t\t<div class=\"elementor-widget-container\">\n\t\t\t\t\t\t\t<p class=\"_04xlpA direction-ltr align-justify para-style-body\" style=\"font-size: 15px; font-style: normal; font-weight: 400; color: #000000; font-family: 'YAD1bxogMz4 0', _fb_, auto; --font-size: 18.6666px; --line-height: 1.4; line-height: 26px;\"><span class=\"S1PPyQ\" style=\"font-weight: bold;\">10 dniowa terapia relaksacyjna<\/span><\/p>\n<ul style=\"font-size: 15px; font-style: normal; font-weight: 400;\">\n<li style=\"font-size: 15px;\"><span class=\"S1PPyQ\" style=\"color: #000000;\">1 masa\u017c relaksacyjny Abhyanga (60 min)<\/span><\/li>\n<li style=\"font-size: 15px;\"><span style=\"color: rgb(0, 0, 0);\">5 masa\u017cy Abhyanga &amp; zabiegi (elakizhi, podikizhi, njavarakizhi, pizhichil, massage &amp; steam) (1.45 min)<\/span><\/li>\n<li style=\"font-size: 15px;\"><span class=\"S1PPyQ\" style=\"color: #000000;\">2 masa\u017ce regeneracyjne Abhyanga (90 min)<\/span><\/li>\n<li style=\"font-size: 15px;\"><span class=\"S1PPyQ\" style=\"color: #000000;\">3 masa\u017ce Abhyanga &amp; shirodhara (1.45 min)<\/span><\/li>\n<\/ul>\t\t\t\t\t\t<\/div>\n\t\t\t\t<\/div>\n\t\t\t\t\t<\/div>\n\t\t<\/div>\n\t\t\t\t\t\t\t<\/div>\n\t\t<\/section>\n\t\t\t\t<section class=\"elementor-section elementor-inner-section elementor-element elementor-element-ad40d25 elementor-section-boxed elementor-section-height-default elementor-section-height-default\" data-id=\"ad40d25\" data-element_type=\"section\">\n\t\t\t\t\t\t<div class=\"elementor-container elementor-column-gap-default\">\n\t\t\t\t\t<div class=\"elementor-column elementor-col-50 elementor-inner-column elementor-element elementor-element-81d3d53\" data-id=\"81d3d53\" data-element_type=\"column\">\n\t\t\t<div class=\"elementor-widget-wrap elementor-element-populated\">\n\t\t\t\t\t\t\t\t<div class=\"elementor-element elementor-element-8601e08 elementor-widget elementor-widget-text-editor\" data-id=\"8601e08\" data-element_type=\"widget\" data-widget_type=\"text-editor.default\">\n\t\t\t\t<div class=\"elementor-widget-container\">\n\t\t\t\t\t\t\t<p style=\"color: #000000; font-family: 'YAD1bxogMz4 0', _fb_, auto; --font-size: 18.6666px; --line-height: 1.4; line-height: 26px;\"><span style=\"font-weight: bold;\">14 dniowa terapia relaksacyjna<\/span><\/p><ul><li><span style=\"color: #000000;\">1 masa\u017c relaksacyjny Abhyanga (60 min)<\/span><\/li><li><span style=\"color: #000000;\">5 masa\u017cy Abhyanga &amp; zabiegi (elakizhi, podikizhi, njavarakizhi, pizhichil, massage &amp; steam) (1.45 min)<\/span><\/li><li style=\"font-size: 15px;\"><span style=\"color: #000000;\">1 dzie\u0144 oczyszczania jelit<\/span><\/li><li><span style=\"color: #000000;\">3 masa\u017cy Abhyanga &amp; nasyam (1.45 min)<\/span><\/li><li><span style=\"color: #000000;\">3 masa\u017ce Abhyanga &amp; shirodhara (1.45 min)<\/span><\/li><li><span style=\"color: #000000;\">1 masa\u017c regeneracyjny Abhyanga (90 min)<\/span><\/li><\/ul>\t\t\t\t\t\t<\/div>\n\t\t\t\t<\/div>\n\t\t\t\t\t<\/div>\n\t\t<\/div>\n\t\t\t\t<div class=\"elementor-column elementor-col-50 elementor-inner-column elementor-element elementor-element-e905818\" data-id=\"e905818\" data-element_type=\"column\">\n\t\t\t<div class=\"elementor-widget-wrap elementor-element-populated\">\n\t\t\t\t\t\t\t\t<div class=\"elementor-element elementor-element-7da1ff9 elementor-widget elementor-widget-text-editor\" data-id=\"7da1ff9\" data-element_type=\"widget\" data-widget_type=\"text-editor.default\">\n\t\t\t\t<div class=\"elementor-widget-container\">\n\t\t\t\t\t\t\t<p style=\"color: #000000; font-family: 'YAD1bxogMz4 0', _fb_, auto; --font-size: 18.6666px; --line-height: 1.4; line-height: 26px;\"><span style=\"font-weight: bold;\">21 dniowa terapia relaksacyjna<\/span><\/p><ul><li><span style=\"color: #000000;\">1 masa\u017c relaksacyjny Abhyanga (60 min)<\/span><\/li><li><span style=\"color: #000000;\">5 masa\u017cy Abhyanga &amp; zabiegi (elakizhi, podikizhi, njavarakizhi, pizhichil, massage &amp; steam) (1.45 min)<\/span><\/li><li><span style=\"color: #000000;\">1 dzie\u0144\u00a0<\/span>oczyszczanie jelit<\/li><li style=\"font-size: 15px;\"><span style=\"color: #000000;\">3 masa\u017cy Abhyanga &amp; nasyam (1.45 min)<\/span><\/li><li><span style=\"color: #000000;\">3 masa\u017ce pudrowe (1.30 min)<\/span><\/li><li><span style=\"color: #000000;\">5 masa\u017cy Abhyanga\u00a0<\/span>massage &amp; shirodhara (1.45 min)<\/li><li><span style=\"color: #000000;\">2 masa\u017ce Abhyanga &amp; kati\/greeva\/jaanu vasti (1.45 min)<\/span><\/li><li><span style=\"color: #000000;\">1 masa\u017c regeneracyjny Abhyanga (90 min)<\/span><\/li><\/ul>\t\t\t\t\t\t<\/div>\n\t\t\t\t<\/div>\n\t\t\t\t\t<\/div>\n\t\t<\/div>\n\t\t\t\t\t\t\t<\/div>\n\t\t<\/section>\n\t\t\t\t<section class=\"elementor-section elementor-inner-section elementor-element elementor-element-d8cb523 elementor-section-boxed elementor-section-height-default elementor-section-height-default\" data-id=\"d8cb523\" data-element_type=\"section\">\n\t\t\t\t\t\t<div class=\"elementor-container elementor-column-gap-default\">\n\t\t\t\t\t<div class=\"elementor-column elementor-col-50 elementor-inner-column elementor-element elementor-element-e46d1a9\" data-id=\"e46d1a9\" data-element_type=\"column\">\n\t\t\t<div class=\"elementor-widget-wrap elementor-element-populated\">\n\t\t\t\t\t\t\t\t<div class=\"elementor-element elementor-element-7271462 elementor-widget elementor-widget-text-editor\" data-id=\"7271462\" data-element_type=\"widget\" data-widget_type=\"text-editor.default\">\n\t\t\t\t<div class=\"elementor-widget-container\">\n\t\t\t\t\t\t\t<p style=\"color: #000000; font-family: 'YAD1bxogMz4 0', _fb_, auto; --font-size: 18.6666px; --line-height: 1.4; line-height: 26px;\"><span style=\"font-weight: bold;\">30 dniowa terapia relaksacyjna<\/span><\/p>\n<ul>\n<li><span style=\"color: #000000;\">1 masa\u017c relaksacyjny Abhyanga (60 min)<\/span><\/li>\n<li><span style=\"color: #000000;\">14 masa\u017cy Abhyanga &amp; zabiegi (elakizhi, podikizhi, njavarakizhi, pizhichil, massage &amp; steam) (1.45 min)<\/span><\/li>\n<li><span style=\"color: #000000;\">1 dzie\u0144&nbsp;<\/span>oczyszczanie jelit<\/li>\n<li><span style=\"color: #000000;\">1 masa\u017c&nbsp;<\/span>relaksacyjny Abhyanga (60 min)<\/li>\n<li><span style=\"color: #000000;\">5 masa\u017cy Abhyanga &amp;&nbsp;<\/span>nasyam\/dhoomam\/andoosh (1.45 min)<\/li>\n<li><span style=\"color: #000000;\">5 masa\u017cy Abhyanga&nbsp;<\/span>massage &amp; shirodhara (1.45 min)<\/li>\n<li><span style=\"color: #000000;\">2 masa\u017ce Abhyanga &amp; kati\/greeva\/jaanu vasti (1.45 min)<\/span><\/li>\n<li><span style=\"color: #000000;\">1 masa\u017c regeneracyjny Abhyanga (90 min)<\/span><\/li>\n<\/ul>\t\t\t\t\t\t<\/div>\n\t\t\t\t<\/div>\n\t\t\t\t\t<\/div>\n\t\t<\/div>\n\t\t\t\t<div class=\"elementor-column elementor-col-50 elementor-inner-column elementor-element elementor-element-bb73370\" data-id=\"bb73370\" data-element_type=\"column\">\n\t\t\t<div class=\"elementor-widget-wrap\">\n\t\t\t\t\t\t\t\t\t<\/div>\n\t\t<\/div>\n\t\t\t\t\t\t\t<\/div>\n\t\t<\/section>\n\t\t\t\t<div class=\"elementor-element elementor-element-44e1552 elementor-widget elementor-widget-text-editor\" data-id=\"44e1552\" data-element_type=\"widget\" data-widget_type=\"text-editor.default\">\n\t\t\t\t<div class=\"elementor-widget-container\">\n\t\t\t\t\t\t\t<p><span style=\"color: #303f3c;\"><b><i>* Each therapy (10, 14, 21, 30 and more days) will be decided by the doctor according to body condition &amp; constitution therefore order of the treatments and kinds of the treatments can change as per doctor&#8217;s advice<\/i><\/b><\/span><\/p>\t\t\t\t\t\t<\/div>\n\t\t\t\t<\/div>\n\t\t\t\t\t<\/div>\n\t\t<\/div>\n\t\t\t\t\t\t\t<\/div>\n\t\t<\/section>\n\t\t\t\t<section class=\"elementor-section elementor-top-section elementor-element elementor-element-6ba37ed elementor-section-boxed elementor-section-height-default elementor-section-height-default\" data-id=\"6ba37ed\" data-element_type=\"section\" data-settings=\"{&quot;background_background&quot;:&quot;classic&quot;}\">\n\t\t\t\t\t\t<div class=\"elementor-container elementor-column-gap-default\">\n\t\t\t\t\t<div class=\"elementor-column elementor-col-100 elementor-top-column elementor-element elementor-element-f82c0f3\" data-id=\"f82c0f3\" data-element_type=\"column\">\n\t\t\t<div class=\"elementor-widget-wrap elementor-element-populated\">\n\t\t\t\t\t\t\t\t<div class=\"elementor-element elementor-element-22cf896 elementor-widget__width-initial elementor-widget-tablet__width-initial elementor-widget-mobile__width-inherit elementor-position-top elementor-vertical-align-top elementor-widget elementor-widget-image-box\" data-id=\"22cf896\" data-element_type=\"widget\" data-widget_type=\"image-box.default\">\n\t\t\t\t<div class=\"elementor-widget-container\">\n\t\t\t<div class=\"elementor-image-box-wrapper\"><div class=\"elementor-image-box-content\"><h2 class=\"elementor-image-box-title\">Ayurvedic treatments<\/h2><\/div><\/div>\t\t<\/div>\n\t\t\t\t<\/div>\n\t\t\t\t\t<\/div>\n\t\t<\/div>\n\t\t\t\t\t\t\t<\/div>\n\t\t<\/section>\n\t\t\t\t<section class=\"elementor-section elementor-top-section elementor-element elementor-element-d3c1687 elementor-section-boxed elementor-section-height-default elementor-section-height-default\" data-id=\"d3c1687\" data-element_type=\"section\" data-settings=\"{&quot;background_background&quot;:&quot;classic&quot;}\">\n\t\t\t\t\t\t<div class=\"elementor-container elementor-column-gap-default\">\n\t\t\t\t\t<div class=\"elementor-column elementor-col-100 elementor-top-column elementor-element elementor-element-d4845d9\" data-id=\"d4845d9\" data-element_type=\"column\">\n\t\t\t<div class=\"elementor-widget-wrap\">\n\t\t\t\t\t\t\t\t\t<\/div>\n\t\t<\/div>\n\t\t\t\t\t\t\t<\/div>\n\t\t<\/section>\n\t\t\t\t\t\t\t<\/div>","protected":false},"excerpt":{"rendered":"<p>Ayurveda Ayurveda, a natural system of medicine, originated in India more than 5000 years ago. The term&nbsp;Ayurveda&nbsp;is derived from the Sanskrit words&nbsp;ayur&nbsp;(life) and&nbsp;veda&nbsp;(science or knowledge). Thus,&nbsp;Ayurveda translates to&nbsp;knowledge of life. Based on the idea that disease is due to an imbalance or stress in a person&#8217;s consciousness, Ayurveda encourages certain lifestyle interventions and natural therapies &hellip;<\/p>\n<p class=\"read-more\"> <a class=\"\" href=\"https:\/\/yogaretreatsinindia.com\/pl\/ayurveda\/\"> <span class=\"screen-reader-text\">Ajurweda<\/span> Read More &raquo;<\/a><\/p>","protected":false},"author":1,"featured_media":0,"parent":0,"menu_order":0,"comment_status":"closed","ping_status":"closed","template":"","meta":{"_monsterinsights_skip_tracking":false,"_monsterinsights_sitenote_active":false,"_monsterinsights_sitenote_note":"","_monsterinsights_sitenote_category":0,"site-sidebar-layout":"no-sidebar","site-content-layout":"page-builder","ast-global-header-display":"","ast-main-header-display":"","ast-hfb-above-header-display":"","ast-hfb-below-header-display":"","ast-hfb-mobile-header-display":"","site-post-title":"disabled","ast-breadcrumbs-content":"","ast-featured-img":"disabled","footer-sml-layout":"","theme-transparent-header-meta":"","adv-header-id-meta":"","stick-header-meta":"","header-above-stick-meta":"","header-main-stick-meta":"","header-below-stick-meta":""},"_links":{"self":[{"href":"https:\/\/yogaretreatsinindia.com\/pl\/wp-json\/wp\/v2\/pages\/3001"}],"collection":[{"href":"https:\/\/yogaretreatsinindia.com\/pl\/wp-json\/wp\/v2\/pages"}],"about":[{"href":"https:\/\/yogaretreatsinindia.com\/pl\/wp-json\/wp\/v2\/types\/page"}],"author":[{"embeddable":true,"href":"https:\/\/yogaretreatsinindia.com\/pl\/wp-json\/wp\/v2\/users\/1"}],"replies":[{"embeddable":true,"href":"https:\/\/yogaretreatsinindia.com\/pl\/wp-json\/wp\/v2\/comments?post=3001"}],"version-history":[{"count":62,"href":"https:\/\/yogaretreatsinindia.com\/pl\/wp-json\/wp\/v2\/pages\/3001\/revisions"}],"predecessor-version":[{"id":3196,"href":"https:\/\/yogaretreatsinindia.com\/pl\/wp-json\/wp\/v2\/pages\/3001\/revisions\/3196"}],"wp:attachment":[{"href":"https:\/\/yogaretreatsinindia.com\/pl\/wp-json\/wp\/v2\/media?parent=3001"}],"curies":[{"name":"wp","href":"https:\/\/api.w.org\/{rel}","templated":true}]}}